{"id":6066,"date":"2025-05-29T21:39:12","date_gmt":"2025-05-29T19:39:12","guid":{"rendered":"https:\/\/sunnacura.de\/?post_type=product&#038;p=6066"},"modified":"2025-05-29T21:44:12","modified_gmt":"2025-05-29T19:44:12","slug":"6066","status":"publish","type":"product","link":"https:\/\/sunnacura.de\/en\/product\/6066\/","title":{"rendered":"Euphoria Balance von Greenlife Naturals"},"content":{"rendered":"<div class=\"product__description rte quick-add-hidden\">\n<h2>Ihr t\u00e4glicher Begleiter f\u00fcr innere Harmonie<\/h2>\n<p>In unserem hektischen Alltag suchen wir alle nach Momenten der Ruhe und des inneren Gleichgewichts. Mit Euphoria Balance bieten wir Ihnen eine besondere Kombination aus Johanniskraut, Kamille, Salbei und Lavendel, die Ihr Wohlbefinden umfassend unterst\u00fctzt. Jede Kapsel ist darauf ausgerichtet, Ihre nat\u00fcrliche Balance zu f\u00f6rdern und Ihnen Momente der Ruhe und Entspannung zu schenken. Unsere spezielle Rezeptur hilft bei leichten bis mittelschweren Depressionen als pflanzliches Arzneimittel zur Linderung von seelischer Ersch\u00f6pfung und als nat\u00fcrlicher Stimmungsaufheller zur Steigerung des allgemeinen Wohlbefindens. Im Gegensatz zu vielen Antidepressiva, die oft unerw\u00fcnschte Nebenwirkungen wie \u00dcbelkeit, Gewichtszunahme oder sexuelle Probleme verursachen k\u00f6nnen, setzt Euphoria Balance auf nat\u00fcrliche Inhaltsstoffe. Sie k\u00f6nnen Euphoria Balance einfach und ohne Rezept direkt hier bei uns bestellen. Hergestellt in Deutschland unter strengen Qualit\u00e4tsstandards und ohne k\u00fcnstliche Zusatzstoffe, entfaltet Euphoria Balance die nat\u00fcrliche Kraft der vier Pflanzen f\u00fcr mehr Ausgeglichenheit und innere Harmonie.<\/p>\n<p>Vegane, halal\/koschere, leicht schluckbare Kapseln.<\/p>\n<section id=\"shopify-section-template--16939766612199__47672c9f-a559-4bd3-94d3-552b18970650\" class=\"shopify-section section\">\n<div class=\"isolate\">\n<div class=\"rich-text content-container color-background-1 gradient rich-text--full-width content-container--full-width section-template--16939766612199__47672c9f-a559-4bd3-94d3-552b18970650-padding\">\n<div class=\"rich-text__wrapper rich-text__wrapper--center page-width\">\n<div class=\"rich-text__blocks left\">\n<h2 class=\"rich-text__heading rte inline-richtext h2 scroll-trigger animate--slide-in\" data-cascade=\"\">Produktdetails<\/h2>\n<div class=\"rich-text__text rte scroll-trigger animate--slide-in\" data-cascade=\"\">\n<ul>\n<li>Pflanzliches Nahrungserg\u00e4nzungsmittel<\/li>\n<li>Tagesdosierung: 2 Kapseln (1 Kapsel morgens, 1 Kapsel abends)<\/li>\n<li>Inhalt: 60 Kapseln<\/li>\n<\/ul>\n<\/div>\n<\/div>\n<\/div>\n<\/div>\n<\/div>\n<\/section>\n<section id=\"shopify-section-template--16939766612199__be688694-bc2c-4846-8e9f-8845c302fac9\" class=\"shopify-section section\">\n<div class=\"isolate\">\n<div class=\"rich-text content-container color-background-1 gradient rich-text--full-width content-container--full-width section-template--16939766612199__be688694-bc2c-4846-8e9f-8845c302fac9-padding\">\n<div class=\"rich-text__wrapper rich-text__wrapper--center page-width\">\n<div class=\"rich-text__blocks left\">\n<h2 class=\"rich-text__heading rte inline-richtext h2 scroll-trigger animate--slide-in\" data-cascade=\"\">Inhaltsstoffe<\/h2>\n<\/div>\n<\/div>\n<\/div>\n<\/div>\n<\/section>\n<section id=\"shopify-section-template--16939766612199__ba82964b-78ca-43e4-b62c-9d01bb44ae97\" class=\"shopify-section section\">\n<div class=\"multicolumn color-background-1 gradient background-primary no-heading\">\n<div class=\"page-width section-template--16939766612199__ba82964b-78ca-43e4-b62c-9d01bb44ae97-padding isolate scroll-trigger animate--slide-in\" data-cascade=\"\">\n<div class=\"multicolumn-card content-container\">\n<div class=\"multicolumn-card__info\">\n<h3 class=\"inline-richtext\">Johanniskraut (800 mg)<\/h3>\n<div class=\"rte\">\n<ul>\n<li>Bekannt als &#8220;die Sonnenpflanze&#8221;<\/li>\n<li>Unterst\u00fctzt die Stimmung und f\u00f6rdert Gelassenheit im Alltag<\/li>\n<li>Lindert Nervosit\u00e4t und innere Unruhe<\/li>\n<li>Verbessert die Schlafqualit\u00e4t<\/li>\n<li>Unterst\u00fctzt die emotionale Ausgeglichenheit\n<div class=\"multicolumn-card__info\">\n<div class=\"rte\">\n<ul>\n<li class=\"inline-richtext\">\n<div class=\"multicolumn-card__image-wrapper multicolumn-card__image-wrapper--third-width multicolumn-card-spacing\"><\/div>\n<\/li>\n<\/ul>\n<\/div>\n<\/div>\n<\/li>\n<\/ul>\n<section id=\"shopify-section-template--16939766612199__rich_text_LNpFVw\" class=\"shopify-section section\">\n<div class=\"isolate\">\n<div class=\"rich-text content-container color-background-1 gradient rich-text--full-width content-container--full-width section-template--16939766612199__rich_text_LNpFVw-padding\">\n<div class=\"rich-text__wrapper rich-text__wrapper--center page-width\">\n<div class=\"rich-text__blocks left\">\n<h3 class=\"inline-richtext\">Kamille (125 mg)<\/h3>\n<div class=\"rte\">\n<ul>\n<li>Beruhigende Eigenschaften<\/li>\n<li>Zur Stressbew\u00e4ltigung und F\u00f6rderung eines erholsamen Schlafs<\/li>\n<li>Lindert Magenkr\u00e4mpfe und unterst\u00fctzt die Verdauung<\/li>\n<li>Linderung von Menstruationsbeschwerden<\/li>\n<\/ul>\n<\/div>\n<h3 class=\"inline-richtext\">Salbei (50 mg)<\/h3>\n<div class=\"rte\">\n<ul>\n<li>F\u00f6rdert die Konzentration und geistige Klarheit<\/li>\n<li>Tr\u00e4gt dank antioxidativen Eigenschaften zur allgemeinen Gesundheit bei<\/li>\n<li>Reguliert Schwei\u00dfausbr\u00fcche<\/li>\n<li>Bek\u00e4mpft Bakterien dank antimikrobiellen Eigenschaften<\/li>\n<\/ul>\n<\/div>\n<h3 class=\"inline-richtext\">Lavendel (50 mg)<\/h3>\n<div class=\"rte\">\n<ul>\n<li>Beruhigt und f\u00f6rdert einen erholsamen Schlaf<\/li>\n<li>Lindert Kopfschmerzen und Spannungen<\/li>\n<li>Wirkt angstl\u00f6send und entspannend<\/li>\n<li>Kann bei Linderung von Hautirritationen helfen<\/li>\n<li>Antioxidative Eigenschaften unterst\u00fctzen die allgemeine Gesundheit<\/li>\n<\/ul>\n<\/div>\n<h2 class=\"rich-text__heading rte inline-richtext h2 scroll-trigger animate--slide-in\" data-cascade=\"\">\u00dcberzug der Kapsel: Vegan und ohne Gelatine<\/h2>\n<div class=\"rich-text__text rte scroll-trigger animate--slide-in\" data-cascade=\"\">\n<p>Der \u00dcberzug unserer Kapseln besteht aus Hydroxypropylmethylcellulose, einem rein pflanzlichen Material auf Cellulosebasis. Durch den bewussten Verzicht auf Gelatine bieten wir eine ideale Option f\u00fcr Veganer, die ihre Ern\u00e4hrung bewusst gestalten m\u00f6chten.<\/p>\n<\/div>\n<\/div>\n<\/div>\n<\/div>\n<\/div>\n<\/section>\n<section id=\"shopify-section-template--16939766612199__36481576-6bd9-42e0-ba2c-e78666bcb35c\" class=\"shopify-section section\">\n<div class=\"isolate\">\n<div class=\"rich-text content-container color-background-1 gradient rich-text--full-width content-container--full-width section-template--16939766612199__36481576-6bd9-42e0-ba2c-e78666bcb35c-padding\">\n<div class=\"rich-text__wrapper rich-text__wrapper--center page-width\">\n<div class=\"rich-text__blocks left\">\n<h2 class=\"rich-text__heading rte inline-richtext h2 scroll-trigger animate--slide-in\" data-cascade=\"\">Dosierung und wichtige Hinweise<\/h2>\n<div class=\"rich-text__text rte scroll-trigger animate--slide-in\" data-cascade=\"\">\n<ul>\n<li>Nehmen Sie t\u00e4glich unzerkaut 2 Kapseln mit einem Glas Wasser ein. Eine Kapsel morgens und eine Kapsel abends.<\/li>\n<li>Die angegebene empfohlene t\u00e4gliche Verzehrmenge darf nicht \u00fcberschritten werden.<\/li>\n<li>Nahrungserg\u00e4nzungsmittel sind kein Ersatz f\u00fcr abwechslungsreiche und ausgewogene Ern\u00e4hrung. Bitte achten Sie auf eine gesunde Ern\u00e4hrung.<\/li>\n<li>Bewahren Sie das Produkt au\u00dferhalb der Reichweite von Kindern auf.<\/li>\n<li>K\u00fchl und trocken bei Temperaturen unter 25 \u00b0C lagern.<\/li>\n<\/ul>\n<\/div>\n<\/div>\n<\/div>\n<\/div>\n<\/div>\n<\/section>\n<\/div>\n<\/div>\n<\/div>\n<ul id=\"Slider-template--16939766612199__ba82964b-78ca-43e4-b62c-9d01bb44ae97\" class=\"multicolumn-list contains-content-container grid grid--1-col-tablet-down grid--4-col-desktop\" role=\"list\"><\/ul>\n<\/div>\n<\/div>\n<\/section>\n<\/div>\n","protected":false},"excerpt":{"rendered":"<p>Ihr t\u00e4glicher Begleiter f\u00fcr innere Harmonie In unserem hektischen Alltag suchen wir alle nach Momenten der Ruhe und des inneren Gleichgewichts. Mit Euphoria Balance bieten wir Ihnen eine besondere Kombination aus Johanniskraut, Kamille, Salbei und Lavendel, die Ihr Wohlbefinden umfassend unterst\u00fctzt. Jede Kapsel ist darauf ausgerichtet, Ihre nat\u00fcrliche Balance zu f\u00f6rdern und Ihnen Momente der [&hellip;]<\/p>\n","protected":false},"featured_media":6067,"comment_status":"closed","ping_status":"closed","template":"","meta":{"_lmt_disableupdate":"no","_lmt_disable":""},"product_brand":[],"product_cat":[111,112],"product_tag":[],"class_list":{"0":"post-6066","1":"product","2":"type-product","3":"status-publish","4":"has-post-thumbnail","6":"product_cat-produkte","7":"product_cat-shop","9":"first","10":"instock","11":"taxable","12":"shipping-taxable","13":"purchasable","14":"product-type-simple"},"_links":{"self":[{"href":"https:\/\/sunnacura.de\/en\/wp-json\/wp\/v2\/product\/6066","targetHints":{"allow":["GET"]}}],"collection":[{"href":"https:\/\/sunnacura.de\/en\/wp-json\/wp\/v2\/product"}],"about":[{"href":"https:\/\/sunnacura.de\/en\/wp-json\/wp\/v2\/types\/product"}],"replies":[{"embeddable":true,"href":"https:\/\/sunnacura.de\/en\/wp-json\/wp\/v2\/comments?post=6066"}],"wp:featuredmedia":[{"embeddable":true,"href":"https:\/\/sunnacura.de\/en\/wp-json\/wp\/v2\/media\/6067"}],"wp:attachment":[{"href":"https:\/\/sunnacura.de\/en\/wp-json\/wp\/v2\/media?parent=6066"}],"wp:term":[{"taxonomy":"product_brand","embeddable":true,"href":"https:\/\/sunnacura.de\/en\/wp-json\/wp\/v2\/product_brand?post=6066"},{"taxonomy":"product_cat","embeddable":true,"href":"https:\/\/sunnacura.de\/en\/wp-json\/wp\/v2\/product_cat?post=6066"},{"taxonomy":"product_tag","embeddable":true,"href":"https:\/\/sunnacura.de\/en\/wp-json\/wp\/v2\/product_tag?post=6066"}],"curies":[{"name":"wp","href":"https:\/\/api.w.org\/{rel}","templated":true}]}}