{"id":6601,"date":"2025-12-07T14:45:46","date_gmt":"2025-12-07T13:45:46","guid":{"rendered":"https:\/\/sunnacura.de\/?post_type=product&#038;p=6601"},"modified":"2026-04-13T13:57:02","modified_gmt":"2026-04-13T11:57:02","slug":"schwarzkuemmeloel-gummies","status":"publish","type":"product","link":"https:\/\/sunnacura.de\/en\/product\/schwarzkuemmeloel-gummies\/","title":{"rendered":"Schwarzk\u00fcmmel\u00f6l Gummies"},"content":{"rendered":"<p><em>*** Aktion Einf\u00fchrungspreis ***<\/em><\/p>\n<p><em><strong>*** weitere 10% Rabatt sichern mit Code tommygun10 ***<\/strong><\/em><\/p>\n<p>Suchen Sie nach einer k\u00f6stlichen und wirkungsvollen M\u00f6glichkeit, Ihr Immunsystem zu st\u00e4rken? Unsere Nahrungserg\u00e4nzungsmittel in Form von veganen Gummib\u00e4ren mit Schwarzk\u00fcmmel\u00f6l bieten eine ideale L\u00f6sung, die Gesundheit und Genuss miteinander verbindet. Sie sind nicht nur eine hervorragende Quelle f\u00fcr wertvolle N\u00e4hrstoffe, sondern auch ein angenehmer Snack, der Ihre t\u00e4gliche Routine bereichern kann.<\/p>\n<h2>Nat\u00fcrliche Inhaltsstoffe f\u00fcr Ihr Wohlbefinden<\/h2>\n<p>Diese veganen Gummib\u00e4ren beinhalten Schwarzk\u00fcmmel\u00f6l, ein traditionelles Heilmittel, das f\u00fcr seine unterst\u00fctzenden Eigenschaften bei der Immunabwehr bekannt ist. Dar\u00fcber hinaus sind wichtige N\u00e4hrstoffe wie Vitamin C sowie kraftvolle Pflanzenstoffe wie Kurkuma, Rote Beete und Granatapfel integriert. Diese ausgewogene Kombination kann helfen, Ihr Wohlbefinden zu f\u00f6rdern und Ihren K\u00f6rper bei der Abwehr von oxidativem Stress zu unterst\u00fctzen.<\/p>\n<h2>Lecker und einfach einzunehmen<\/h2>\n<p>Keine l\u00e4stigen Kapseln oder aufwendigen Pr\u00e4parate \u2013 diese Gummib\u00e4ren sind praktisch und k\u00f6stlich zugleich. Der angenehme Geschmack macht die t\u00e4gliche Einnahme besonders leicht. Sie eignen sich perfekt f\u00fcr alle, die eine effiziente und ebenso leckere Nahrungserg\u00e4nzung suchen.<\/p>\n<h2>F\u00fcr die t\u00e4gliche Gesundheit<\/h2>\n<p>Mit ihrer vielseitigen Wirkstoffkombination unterst\u00fctzen diese Gummib\u00e4ren nicht nur das Immunsystem, sondern tragen auch zu einem ausgeglichenen allgemeinen Wohlbefinden bei. Vitamin C st\u00e4rkt die nat\u00fcrlichen Abwehrkr\u00e4fte, w\u00e4hrend Kurkuma, Granatapfel und Rote Beete f\u00fcr zus\u00e4tzliche Unterst\u00fctzung sorgen, um Ihre Vitalit\u00e4t zu f\u00f6rdern.<\/p>\n<p>Setzen Sie auf hochwertige Nahrungserg\u00e4nzungsmittel, die speziell daf\u00fcr entwickelt wurden, Ihre Gesundheit auf einfache und schmackhafte Weise zu unterst\u00fctzen. Unsere veganen Gummib\u00e4ren mit Schwarzk\u00fcmmel\u00f6l sind die perfekte Erg\u00e4nzung f\u00fcr Ihren Alltag!<\/p>\n<p>2 Gummib\u00e4ren enthalten:<\/p>\n<ul>\n<li>Schwarzk\u00fcmmel\u00f6l 200mg<\/li>\n<li>Vitamin C 30mg<\/li>\n<li>Biotin 1000mcg<\/li>\n<li>Rapshonig\u00a050mg<\/li>\n<li>Apfelessig 100mg<\/li>\n<li>Kurkuma 20mg<\/li>\n<li>Rote Beete 50mcg<\/li>\n<li>Granatapfel 50mcg<\/li>\n<\/ul>\n","protected":false},"excerpt":{"rendered":"<p>*** Aktion Einf\u00fchrungspreis *** *** weitere 10% Rabatt sichern mit Code tommygun10 *** Suchen Sie nach einer k\u00f6stlichen und wirkungsvollen M\u00f6glichkeit, Ihr Immunsystem zu st\u00e4rken? Unsere Nahrungserg\u00e4nzungsmittel in Form von veganen Gummib\u00e4ren mit Schwarzk\u00fcmmel\u00f6l bieten eine ideale L\u00f6sung, die Gesundheit und Genuss miteinander verbindet. Sie sind nicht nur eine hervorragende Quelle f\u00fcr wertvolle N\u00e4hrstoffe, sondern [&hellip;]<\/p>\n","protected":false},"featured_media":6602,"comment_status":"open","ping_status":"closed","template":"","meta":{"_lmt_disableupdate":"no","_lmt_disable":""},"product_brand":[],"product_cat":[111,112],"product_tag":[],"class_list":{"0":"post-6601","1":"product","2":"type-product","3":"status-publish","4":"has-post-thumbnail","6":"product_cat-produkte","7":"product_cat-shop","9":"first","10":"instock","11":"sale","12":"taxable","13":"shipping-taxable","14":"purchasable","15":"product-type-simple"},"_links":{"self":[{"href":"https:\/\/sunnacura.de\/en\/wp-json\/wp\/v2\/product\/6601","targetHints":{"allow":["GET"]}}],"collection":[{"href":"https:\/\/sunnacura.de\/en\/wp-json\/wp\/v2\/product"}],"about":[{"href":"https:\/\/sunnacura.de\/en\/wp-json\/wp\/v2\/types\/product"}],"replies":[{"embeddable":true,"href":"https:\/\/sunnacura.de\/en\/wp-json\/wp\/v2\/comments?post=6601"}],"wp:featuredmedia":[{"embeddable":true,"href":"https:\/\/sunnacura.de\/en\/wp-json\/wp\/v2\/media\/6602"}],"wp:attachment":[{"href":"https:\/\/sunnacura.de\/en\/wp-json\/wp\/v2\/media?parent=6601"}],"wp:term":[{"taxonomy":"product_brand","embeddable":true,"href":"https:\/\/sunnacura.de\/en\/wp-json\/wp\/v2\/product_brand?post=6601"},{"taxonomy":"product_cat","embeddable":true,"href":"https:\/\/sunnacura.de\/en\/wp-json\/wp\/v2\/product_cat?post=6601"},{"taxonomy":"product_tag","embeddable":true,"href":"https:\/\/sunnacura.de\/en\/wp-json\/wp\/v2\/product_tag?post=6601"}],"curies":[{"name":"wp","href":"https:\/\/api.w.org\/{rel}","templated":true}]}}