{"id":6642,"date":"2026-01-04T15:31:16","date_gmt":"2026-01-04T14:31:16","guid":{"rendered":"https:\/\/sunnacura.de\/?post_type=product&#038;p=6642"},"modified":"2026-01-04T15:31:16","modified_gmt":"2026-01-04T14:31:16","slug":"wintermuetze-sunnacura-schwarz-oder-weiss","status":"publish","type":"product","link":"https:\/\/sunnacura.de\/en\/product\/wintermuetze-sunnacura-schwarz-oder-weiss\/","title":{"rendered":"Winterm\u00fctze &#8220;Sunnacura&#8221; &#8211; Schwarz oder Wei\u00df"},"content":{"rendered":"<h2>Eleganz trifft Funktionalit\u00e4t<\/h2>\n<p>Die Winterm\u00fctze &#8220;Sunnacura&#8221; ist die perfekte Erg\u00e4nzung f\u00fcr Ihre Wintergarderobe. Erh\u00e4ltlich in klassischem Schwarz und elegantem Wei\u00df, f\u00fcgt sie sich nahtlos in jedes Outfit ein. Das puristische Design unterstreicht zeitlose \u00c4sthetik, w\u00e4hrend die hochwertige Verarbeitung idealen Komfort garantiert. Sie ist die ideale Wahl f\u00fcr diejenigen, die Mode und Funktionalit\u00e4t gleicherma\u00dfen sch\u00e4tzen.<\/p>\n<h2>Premium-Materialien f\u00fcr maximalen Komfort<\/h2>\n<p>Hergestellt aus 100% Acryl, bietet die &#8220;Sunnacura&#8221; Winterm\u00fctze eine bemerkenswerte Weichheit und Hautfreundlichkeit. Das atmungsaktive Material sorgt daf\u00fcr, dass \u00fcbersch\u00fcssige W\u00e4rme und Feuchtigkeit reguliert werden, wodurch sie gleicherma\u00dfen f\u00fcr kalte Tage und aktive Outdoor-Aktivit\u00e4ten geeignet ist. Zus\u00e4tzlich ist Acryl bekannt daf\u00fcr, kaum zu knittern, was die Pflege der M\u00fctze zeitsparend und stressfrei macht.<\/p>\n<h2>Ihre perfekte Begleitung in der kalten Jahreszeit<\/h2>\n<p>Mit ihrer w\u00e4rmenden Eigenschaft bietet die Winterm\u00fctze &#8220;Sunnacura&#8221; un\u00fcbertroffenen Schutz vor K\u00e4lte. Dank ihres stilvollen Designs ist sie nicht nur funktionell, sondern auch ein modisches Statement. Kombinieren Sie sie mit Ihrem Lieblingsmantel oder einem sportlichen Winteroutfit \u2013 die Vielseitigkeit dieser M\u00fctze macht sie zur idealen Wahl f\u00fcr jeden Anlass. Ob Sie spazieren gehen, auf dem Weg zur Arbeit sind oder einfach nur drau\u00dfen die kalte Winterluft genie\u00dfen, die &#8220;Sunnacura&#8221; M\u00fctze begleitet Sie mit Stil und Komfort.<\/p>\n","protected":false},"excerpt":{"rendered":"<p>Eleganz trifft Funktionalit\u00e4t Die Winterm\u00fctze &#8220;Sunnacura&#8221; ist die perfekte Erg\u00e4nzung f\u00fcr Ihre Wintergarderobe. Erh\u00e4ltlich in klassischem Schwarz und elegantem Wei\u00df, f\u00fcgt sie sich nahtlos in jedes Outfit ein. Das puristische Design unterstreicht zeitlose \u00c4sthetik, w\u00e4hrend die hochwertige Verarbeitung idealen Komfort garantiert. Sie ist die ideale Wahl f\u00fcr diejenigen, die Mode und Funktionalit\u00e4t gleicherma\u00dfen sch\u00e4tzen. Premium-Materialien [&hellip;]<\/p>\n","protected":false},"featured_media":6636,"comment_status":"open","ping_status":"closed","template":"","meta":{"_lmt_disableupdate":"","_lmt_disable":""},"product_brand":[],"product_cat":[111,112],"product_tag":[],"class_list":{"0":"post-6642","1":"product","2":"type-product","3":"status-publish","4":"has-post-thumbnail","6":"product_cat-produkte","7":"product_cat-shop","9":"first","10":"instock","11":"taxable","12":"shipping-taxable","13":"purchasable","14":"product-type-variable"},"_links":{"self":[{"href":"https:\/\/sunnacura.de\/en\/wp-json\/wp\/v2\/product\/6642","targetHints":{"allow":["GET"]}}],"collection":[{"href":"https:\/\/sunnacura.de\/en\/wp-json\/wp\/v2\/product"}],"about":[{"href":"https:\/\/sunnacura.de\/en\/wp-json\/wp\/v2\/types\/product"}],"replies":[{"embeddable":true,"href":"https:\/\/sunnacura.de\/en\/wp-json\/wp\/v2\/comments?post=6642"}],"wp:featuredmedia":[{"embeddable":true,"href":"https:\/\/sunnacura.de\/en\/wp-json\/wp\/v2\/media\/6636"}],"wp:attachment":[{"href":"https:\/\/sunnacura.de\/en\/wp-json\/wp\/v2\/media?parent=6642"}],"wp:term":[{"taxonomy":"product_brand","embeddable":true,"href":"https:\/\/sunnacura.de\/en\/wp-json\/wp\/v2\/product_brand?post=6642"},{"taxonomy":"product_cat","embeddable":true,"href":"https:\/\/sunnacura.de\/en\/wp-json\/wp\/v2\/product_cat?post=6642"},{"taxonomy":"product_tag","embeddable":true,"href":"https:\/\/sunnacura.de\/en\/wp-json\/wp\/v2\/product_tag?post=6642"}],"curies":[{"name":"wp","href":"https:\/\/api.w.org\/{rel}","templated":true}]}}